{"id":151,"date":"2020-06-24T20:56:06","date_gmt":"2020-06-24T20:56:06","guid":{"rendered":"http:\/\/consto.themezinho.net\/?page_id=151"},"modified":"2025-10-30T00:14:34","modified_gmt":"2025-10-30T03:14:34","slug":"services","status":"publish","type":"page","link":"https:\/\/kaweconstrucciones.com\/index.php\/services\/","title":{"rendered":"Servicios"},"content":{"rendered":"<div class=\"wpb-content-wrapper\"><p>[vc_row motts_theme_padding=&#8221;no&#8221; use_container=&#8221;yes&#8221; section_background_image=&#8221;460&#8243;][vc_column][vc_row_inner][vc_column_inner width=&#8221;3\/4&#8243; offset=&#8221;vc_col-md-offset-6 vc_col-md-6&#8243;][ts_service_list_box title=&#8221;Servicios y Productos&#8221; button_label=&#8221;COTIZAR PROYECTO&#8221; button_url=&#8221;https:\/\/kaweconstrucciones.com\/index.php\/contacto\/&#8221; text_content=&#8221;En Kawe ofrecemos una soluci\u00f3n integral que combina la precisi\u00f3n de la prefabricaci\u00f3n con la ejecuci\u00f3n de obra civil. Desarrollamos un cat\u00e1logo dise\u00f1ado para eficiencia, calidad y r\u00e1pido montaje.<\/p>\n<ul>\n<li>Construcci\u00f3n Civil Integral<\/li>\n<li>Muros Premoldeados<\/li>\n<li>Cisternas de Gran Capacidad<\/li>\n<li>Sector Minero y Energ\u00eda<\/li>\n<li>Pavimentos y Plataformas<\/li>\n<li>Infraestructura Vial<\/li>\n<li>Soluciones a Medida<\/li>\n<\/ul>\n<p>&#8220;][\/vc_column_inner][\/vc_row_inner][\/vc_column][\/vc_row][vc_row use_container=&#8221;yes&#8221; css=&#8221;.vc_custom_1593083239509{padding-right: 15px !important;padding-left: 15px !important;}&#8221;][vc_column][vc_row_inner css=&#8221;.vc_custom_1593083105658{padding-right: 0px !important;padding-left: 0px !important;}&#8221;][vc_column_inner css=&#8221;.vc_custom_1593083200046{padding-right: 0px !important;padding-left: 0px !important;}&#8221;][ts_section_title align=&#8221;left&#8221; tagline=&#8221;APLICACIONES Y MERCADOS&#8221; title=&#8221;Sectores con los que Trabajamos&#8221;][\/vc_column_inner][\/vc_row_inner][vc_row_inner][vc_column_inner width=&#8221;1\/3&#8243; css=&#8221;.vc_custom_1592996185410{padding-right: 0px !important;padding-left: 0px !important;}&#8221;][ts_sector_box title=&#8221;COMERCIAL&#8221; url=&#8221;\/about-company\/&#8221;][\/vc_column_inner][vc_column_inner width=&#8221;1\/3&#8243; css=&#8221;.vc_custom_1592996196129{padding-right: 0px !important;padding-left: 0px !important;}&#8221;][ts_sector_box title=&#8221;MINER\u00cdA Y ENERG\u00cdA&#8221; url=&#8221;\/about-company\/&#8221;][\/vc_column_inner][vc_column_inner width=&#8221;1\/3&#8243; css=&#8221;.vc_custom_1592996205555{padding-right: 0px !important;padding-left: 0px !important;}&#8221;][ts_sector_box title=&#8221;AGROGANADERO&#8221; url=&#8221;\/about-company\/&#8221;][\/vc_column_inner][\/vc_row_inner][vc_row_inner][vc_column_inner width=&#8221;1\/3&#8243; css=&#8221;.vc_custom_1592996185410{padding-right: 0px !important;padding-left: 0px !important;}&#8221;][ts_sector_box title=&#8221;OBRA CIVIL&#8221; url=&#8221;\/about-company\/&#8221;][\/vc_column_inner][vc_column_inner width=&#8221;1\/3&#8243; css=&#8221;.vc_custom_1592996196129{padding-right: 0px !important;padding-left: 0px !important;}&#8221;][ts_sector_box title=&#8221;INFRAESTRUCTURA VIAL&#8221; url=&#8221;\/about-company\/&#8221;][\/vc_column_inner][vc_column_inner width=&#8221;1\/3&#8243; css=&#8221;.vc_custom_1592996205555{padding-right: 0px !important;padding-left: 0px !important;}&#8221;][ts_sector_box title=&#8221;INDUSTRIAL&#8221; url=&#8221;\/about-company\/&#8221;][\/vc_column_inner][\/vc_row_inner][\/vc_column][\/vc_row]<\/p>\n<\/div>","protected":false},"excerpt":{"rendered":"<p>[vc_row motts_theme_padding=&#8221;no&#8221; use_container=&#8221;yes&#8221; section_background_image=&#8221;460&#8243;][vc_column][vc_row_inner][vc_column_inner width=&#8221;3\/4&#8243; offset=&#8221;vc_col-md-offset-6 vc_col-md-6&#8243;][ts_service_list_box title=&#8221;Servicios y Productos&#8221; button_label=&#8221;COTIZAR PROYECTO&#8221; button_url=&#8221;https:\/\/kaweconstrucciones.com\/index.php\/contacto\/&#8221; text_content=&#8221;En Kawe ofrecemos una soluci\u00f3n integral que combina la precisi\u00f3n de la prefabricaci\u00f3n con la ejecuci\u00f3n de obra civil. Desarrollamos un cat\u00e1logo dise\u00f1ado para eficiencia, calidad y r\u00e1pido montaje. Construcci\u00f3n Civil Integral Muros Premoldeados Cisternas de Gran Capacidad Sector Minero y Energ\u00eda [&hellip;]<\/p>\n","protected":false},"author":1,"featured_media":0,"parent":0,"menu_order":0,"comment_status":"closed","ping_status":"closed","template":"page-builder.php","meta":{"footnotes":""},"class_list":["post-151","page","type-page","status-publish","hentry"],"acf":[],"_links":{"self":[{"href":"https:\/\/kaweconstrucciones.com\/index.php\/wp-json\/wp\/v2\/pages\/151","targetHints":{"allow":["GET"]}}],"collection":[{"href":"https:\/\/kaweconstrucciones.com\/index.php\/wp-json\/wp\/v2\/pages"}],"about":[{"href":"https:\/\/kaweconstrucciones.com\/index.php\/wp-json\/wp\/v2\/types\/page"}],"author":[{"embeddable":true,"href":"https:\/\/kaweconstrucciones.com\/index.php\/wp-json\/wp\/v2\/users\/1"}],"replies":[{"embeddable":true,"href":"https:\/\/kaweconstrucciones.com\/index.php\/wp-json\/wp\/v2\/comments?post=151"}],"version-history":[{"count":8,"href":"https:\/\/kaweconstrucciones.com\/index.php\/wp-json\/wp\/v2\/pages\/151\/revisions"}],"predecessor-version":[{"id":472,"href":"https:\/\/kaweconstrucciones.com\/index.php\/wp-json\/wp\/v2\/pages\/151\/revisions\/472"}],"wp:attachment":[{"href":"https:\/\/kaweconstrucciones.com\/index.php\/wp-json\/wp\/v2\/media?parent=151"}],"curies":[{"name":"wp","href":"https:\/\/api.w.org\/{rel}","templated":true}]}}