{"id":195,"date":"2020-06-25T11:27:03","date_gmt":"2020-06-25T11:27:03","guid":{"rendered":"http:\/\/consto.themezinho.net\/?page_id=195"},"modified":"2025-10-30T00:12:06","modified_gmt":"2025-10-30T03:12:06","slug":"nosotros","status":"publish","type":"page","link":"https:\/\/kaweconstrucciones.com\/index.php\/nosotros\/","title":{"rendered":"Sobre Nosotros"},"content":{"rendered":"<div class=\"wpb-content-wrapper\"><p>[vc_row motts_theme_padding=&#8221;no&#8221; use_container=&#8221;yes&#8221; css=&#8221;.vc_custom_1593092501087{margin-top: 80px !important;}&#8221;][vc_column][vc_row_inner][vc_column_inner][ts_section_title align=&#8221;left&#8221; tagline=&#8221;NOSOTROS&#8221; title=&#8221;Desafiando lo Com\u00fan de la Construcci\u00f3n<br \/>en Argentina&#8221;][\/vc_column_inner][\/vc_row_inner][vc_row_inner][vc_column_inner offset=&#8221;vc_col-md-7&#8243;][ts_image_box image=&#8221;462&#8243; title=&#8221;Image&#8221;][\/vc_column_inner][vc_column_inner offset=&#8221;vc_col-md-5&#8243;][ts_image_box image=&#8221;460&#8243; title=&#8221;Image&#8221;][\/vc_column_inner][\/vc_row_inner][vc_row_inner css=&#8221;.vc_custom_1593092340459{margin-top: 30px !important;}&#8221;][vc_column_inner offset=&#8221;vc_col-md-7&#8243;][vc_column_text css=&#8221;&#8221;]<\/p>\n<blockquote>\n<p><b>Somos una empresa de Mendoza que representa una nueva forma de abordar la construcci\u00f3n y el almacenamiento.<\/b><\/p>\n<p>Nacimos para responder a los desaf\u00edos que presenta el mercado argentino actual, ofreciendo soluciones de hormig\u00f3n que sean realmente eficientes y vers\u00e1tiles. En un mercado donde puede parecer que ya est\u00e1 todo hecho, hemos encontrado un espacio \u00fanico, <b>desafiando lo com\u00fan<\/b> y creando nuevas oportunidades.<\/p>\n<\/blockquote>\n<p>&nbsp;<\/p>\n<h3><\/h3>\n<p>[\/vc_column_text][\/vc_column_inner][vc_column_inner offset=&#8221;vc_col-md-5&#8243;][vc_column_text css=&#8221;&#8221;]<b>Nuestra prioridad absoluta es la calidad y la seguridad en cada proyecto.<\/b><\/p>\n<p>Adem\u00e1s de la solidez de nuestros productos, valoramos profundamente nuestra <b>capacidad de adaptaci\u00f3n<\/b>. Somos flexibles y estamos listos para encontrar soluciones a medida para cualquier desaf\u00edo que se nos presente. Entendemos que en Kawe no solo proporcionamos productos; <b>construimos relaciones a largo plazo.<\/b><\/p>\n<p>&nbsp;[\/vc_column_text][\/vc_column_inner][\/vc_row_inner][\/vc_column][\/vc_row][vc_row section_background_color=&#8221;#f7f6f1&#8243; use_container=&#8221;yes&#8221; use_predefined_class=&#8221;yes&#8221; predefined_class=&#8221;white-space-bottom&#8221;][vc_column][vc_row_inner][vc_column_inner offset=&#8221;vc_col-md-7&#8243;][ts_section_title align=&#8221;left&#8221; tagline=&#8221;CONSTRUCCI\u00d3N MODERNA&#8221; title=&#8221;Nuestros Tres Pilares&#8221;][\/vc_column_inner][vc_column_inner offset=&#8221;vc_col-md-5&#8243;][vc_column_text css=&#8221;&#8221;]Nuestro portafolio integra la fabricaci\u00f3n especializada de premoldeados con la experiencia en ejecuci\u00f3n de obra civil. Ofrecemos eficiencia, precisi\u00f3n y resultados de m\u00e1xima calidad en su proyecto.[\/vc_column_text][\/vc_column_inner][\/vc_row_inner][vc_row_inner][vc_column_inner offset=&#8221;vc_col-md-4&#8243;][ts_step_box image=&#8221;464&#8243; number=&#8221;01.&#8221; icon=&#8221;28&#8243; title=&#8221;DISE\u00d1O A MEDIDA&#8221; description=&#8221;Basamos nuestro trabajo en la flexibilidad para dise\u00f1ar la soluci\u00f3n m\u00e1s eficiente que el mercado requiere.&#8221;][\/vc_column_inner][vc_column_inner offset=&#8221;vc_col-md-4&#8243;][ts_step_box image=&#8221;465&#8243; number=&#8221;02.&#8221; icon=&#8221;28&#8243; title=&#8221;CALIDAD Y SEGURIDAD&#8221; description=&#8221;Nuestra prioridad. Utilizamos materiales de primera l\u00ednea y estructuras robustas para garantizar la solidez y durabilidad.&#8221;][\/vc_column_inner][vc_column_inner offset=&#8221;vc_col-md-4&#8243;][ts_step_box image=&#8221;466&#8243; number=&#8221;03.&#8221; icon=&#8221;28&#8243; title=&#8221;MONTAJE \u00c1GIL&#8221; description=&#8221;El beneficio final: r\u00e1pido traslado y colocaci\u00f3n. Brindamos una instalaci\u00f3n estrat\u00e9gica que optimiza los tiempos de obra y reduce costos.&#8221;][\/vc_column_inner][\/vc_row_inner][\/vc_column][\/vc_row][vc_row motts_theme_padding=&#8221;no&#8221; use_container=&#8221;yes&#8221; use_predefined_class=&#8221;yes&#8221; predefined_class=&#8221;white-space-top&#8221; section_background_image=&#8221;467&#8243;][vc_column][vc_row_inner][vc_column_inner offset=&#8221;vc_col-md-8&#8243;][ts_cta_yellow_box title=&#8221;Su Desaf\u00edo es la Meta.<br \/>\nCreamos la Soluci\u00f3n a Medida.&#8221; text_content=&#8221;Nuestra capacidad de adaptaci\u00f3n nos permite dise\u00f1ar y fabricar la soluci\u00f3n de hormig\u00f3n premoldeado m\u00e1s eficiente, segura y rentable para sus necesidades. Nuestro compromiso va m\u00e1s all\u00e1 de la entrega: buscamos relaciones a largo plazo.&#8221; button_label=&#8221;SOLICITAR UNA COTIZACI\u00d3N&#8221; button_url=&#8221;https:\/\/kaweconstrucciones.com\/index.php\/contacto\/&#8221;][\/vc_column_inner][\/vc_row_inner][\/vc_column][\/vc_row]<\/p>\n<\/div>","protected":false},"excerpt":{"rendered":"<p>[vc_row motts_theme_padding=&#8221;no&#8221; use_container=&#8221;yes&#8221; css=&#8221;.vc_custom_1593092501087{margin-top: 80px !important;}&#8221;][vc_column][vc_row_inner][vc_column_inner][ts_section_title align=&#8221;left&#8221; tagline=&#8221;NOSOTROS&#8221; title=&#8221;Desafiando lo Com\u00fan de la Construcci\u00f3nen Argentina&#8221;][\/vc_column_inner][\/vc_row_inner][vc_row_inner][vc_column_inner offset=&#8221;vc_col-md-7&#8243;][ts_image_box image=&#8221;462&#8243; title=&#8221;Image&#8221;][\/vc_column_inner][vc_column_inner offset=&#8221;vc_col-md-5&#8243;][ts_image_box image=&#8221;460&#8243; title=&#8221;Image&#8221;][\/vc_column_inner][\/vc_row_inner][vc_row_inner css=&#8221;.vc_custom_1593092340459{margin-top: 30px !important;}&#8221;][vc_column_inner offset=&#8221;vc_col-md-7&#8243;][vc_column_text css=&#8221;&#8221;] Somos una empresa de Mendoza que representa una nueva forma de abordar la construcci\u00f3n y el almacenamiento. Nacimos para responder a los desaf\u00edos que presenta el mercado argentino actual, [&hellip;]<\/p>\n","protected":false},"author":1,"featured_media":0,"parent":0,"menu_order":0,"comment_status":"closed","ping_status":"closed","template":"page-builder.php","meta":{"footnotes":""},"class_list":["post-195","page","type-page","status-publish","hentry"],"acf":[],"_links":{"self":[{"href":"https:\/\/kaweconstrucciones.com\/index.php\/wp-json\/wp\/v2\/pages\/195","targetHints":{"allow":["GET"]}}],"collection":[{"href":"https:\/\/kaweconstrucciones.com\/index.php\/wp-json\/wp\/v2\/pages"}],"about":[{"href":"https:\/\/kaweconstrucciones.com\/index.php\/wp-json\/wp\/v2\/types\/page"}],"author":[{"embeddable":true,"href":"https:\/\/kaweconstrucciones.com\/index.php\/wp-json\/wp\/v2\/users\/1"}],"replies":[{"embeddable":true,"href":"https:\/\/kaweconstrucciones.com\/index.php\/wp-json\/wp\/v2\/comments?post=195"}],"version-history":[{"count":8,"href":"https:\/\/kaweconstrucciones.com\/index.php\/wp-json\/wp\/v2\/pages\/195\/revisions"}],"predecessor-version":[{"id":470,"href":"https:\/\/kaweconstrucciones.com\/index.php\/wp-json\/wp\/v2\/pages\/195\/revisions\/470"}],"wp:attachment":[{"href":"https:\/\/kaweconstrucciones.com\/index.php\/wp-json\/wp\/v2\/media?parent=195"}],"curies":[{"name":"wp","href":"https:\/\/api.w.org\/{rel}","templated":true}]}}