{"id":375,"date":"2020-06-23T12:34:23","date_gmt":"2020-06-23T12:34:23","guid":{"rendered":"http:\/\/consto.themezinho.net\/?page_id=9"},"modified":"2025-10-31T12:24:08","modified_gmt":"2025-10-31T15:24:08","slug":"home","status":"publish","type":"page","link":"https:\/\/kaweconstrucciones.com\/","title":{"rendered":"Home"},"content":{"rendered":"<div class=\"wpb-content-wrapper\"><p>[vc_row motts_theme_padding=&#8221;no&#8221; css=&#8221;.vc_custom_1592942836378{margin-right: 0px !important;margin-left: 0px !important;}&#8221;][vc_column css=&#8221;.vc_custom_1592942827926{padding-right: 0px !important;padding-left: 0px !important;}&#8221;][ts_hero_slider hero_slider=&#8221;13&#8243;][\/vc_column][\/vc_row][vc_row use_container=&#8221;yes&#8221;][vc_column offset=&#8221;vc_col-md-4&#8243;][ts_icon_box icon=&#8221;28&#8243; title=&#8221;CALIDAD Y SEGURIDAD&#8221; description=&#8221;Nuestra prioridad es la solidez estructural. Todos nuestros productos est\u00e1n fabricados con materiales de primera l\u00ednea para garantizar la seguridad total.&#8221; link_url=&#8221;https:\/\/kaweconstrucciones.com\/index.php\/services\/&#8221;][\/vc_column][vc_column offset=&#8221;vc_col-md-4&#8243;][ts_icon_box icon=&#8221;31&#8243; title=&#8221;DISE\u00d1O INTELIGENTE&#8221; description=&#8221;Utilizamos m\u00e9todos modernos y flexibilidad para crear soluciones que responden a los desaf\u00edos m\u00e1s complejos de la construcci\u00f3n actual.&#8221; link_url=&#8221;https:\/\/kaweconstrucciones.com\/index.php\/services\/&#8221;][\/vc_column][vc_column offset=&#8221;vc_col-md-4&#8243;][ts_icon_box icon=&#8221;32&#8243; title=&#8221;EFICIENCIA Y MONTAJE \u00c1GIL&#8221; description=&#8221;Ahorre tiempo valioso en obra. Nuestras soluciones premoldeadas garantizan un traslado y una colocaci\u00f3n r\u00e1pida y eficiente.&#8221; link_url=&#8221;https:\/\/kaweconstrucciones.com\/index.php\/services\/&#8221;][\/vc_column][\/vc_row][vc_row motts_theme_padding=&#8221;no&#8221; css=&#8221;.vc_custom_1592992313760{margin-right: 0px !important;margin-left: 0px !important;}&#8221;][vc_column][vc_row_inner][vc_column_inner][ts_section_title tagline=&#8221;NUESTRA HISTORIA&#8221; title=&#8221;Calidad y Soluciones Integrales&#8221;][\/vc_column_inner][\/vc_row_inner][\/vc_column][\/vc_row][vc_row section_background_color=&#8221;#f7f6f1&#8243; use_predefined_class=&#8221;yes&#8221; predefined_class=&#8221;white-space-bottom&#8221; css=&#8221;.vc_custom_1593002326565{margin-right: 0px !important;margin-left: 0px !important;}&#8221;][vc_column][vc_row_inner wrap_container=&#8221;yes&#8221; css=&#8221;.vc_custom_1592996341482{margin-right: 0px !important;margin-left: 0px !important;padding-right: 0px !important;padding-left: 0px !important;}&#8221;][vc_column_inner offset=&#8221;vc_col-md-7&#8243; css=&#8221;.vc_custom_1593002365639{padding-right: 0px !important;padding-left: 0px !important;}&#8221;][ts_section_title align=&#8221;left&#8221; tagline=&#8221;OBRAS REALIZADAS&#8221; title=&#8221;Nuestros Proyectos&#8221;][\/vc_column_inner][vc_column_inner offset=&#8221;vc_col-md-5&#8243; css=&#8221;.vc_custom_1593002372445{padding-right: 0px !important;padding-left: 0px !important;}&#8221;][vc_column_text css=&#8221;&#8221;]Nuestro portafolio demuestra la eficiencia de nuestro sistema premoldeado, complementado con la solidez de nuestra ejecuci\u00f3n en obra civil.[\/vc_column_text][\/vc_column_inner][\/vc_row_inner][vc_row_inner][vc_column_inner css=&#8221;.vc_custom_1593002339240{padding-right: 0px !important;padding-left: 0px !important;}&#8221;][ts_project_slider details=&#8221;%5B%7B%22image%22%3A%22445%22%7D%2C%7B%22image%22%3A%22431%22%7D%2C%7B%22image%22%3A%22438%22%7D%5D&#8221;][\/vc_column_inner][\/vc_row_inner][\/vc_column][\/vc_row][vc_row use_container=&#8221;yes&#8221; css=&#8221;.vc_custom_1593083239509{padding-right: 15px !important;padding-left: 15px !important;}&#8221;][vc_column][vc_row_inner css=&#8221;.vc_custom_1593083105658{padding-right: 0px !important;padding-left: 0px !important;}&#8221;][vc_column_inner css=&#8221;.vc_custom_1593083200046{padding-right: 0px !important;padding-left: 0px !important;}&#8221;][ts_section_title align=&#8221;left&#8221; tagline=&#8221;APLICACIONES Y MERCADOS&#8221; title=&#8221;Sectores con los que Trabajamos&#8221;][\/vc_column_inner][\/vc_row_inner][vc_row_inner][vc_column_inner width=&#8221;1\/3&#8243; css=&#8221;.vc_custom_1592996185410{padding-right: 0px !important;padding-left: 0px !important;}&#8221;][ts_sector_box title=&#8221;COMERCIAL&#8221; url=&#8221;https:\/\/kaweconstrucciones.com\/index.php\/projects\/&#8221;][\/vc_column_inner][vc_column_inner width=&#8221;1\/3&#8243; css=&#8221;.vc_custom_1592996196129{padding-right: 0px !important;padding-left: 0px !important;}&#8221;][ts_sector_box title=&#8221;MINER\u00cdA Y ENERG\u00cdA&#8221; url=&#8221;https:\/\/kaweconstrucciones.com\/index.php\/projects\/&#8221;][\/vc_column_inner][vc_column_inner width=&#8221;1\/3&#8243; css=&#8221;.vc_custom_1592996205555{padding-right: 0px !important;padding-left: 0px !important;}&#8221;][ts_sector_box title=&#8221;AGROGANADERO&#8221; url=&#8221;\/ahttps:\/\/kaweconstrucciones.com\/index.php\/projects\/&#8221;][\/vc_column_inner][\/vc_row_inner][vc_row_inner][vc_column_inner width=&#8221;1\/3&#8243; css=&#8221;.vc_custom_1592996185410{padding-right: 0px !important;padding-left: 0px !important;}&#8221;][ts_sector_box title=&#8221;OBRA CIVIL&#8221; url=&#8221;https:\/\/kaweconstrucciones.com\/index.php\/projects\/&#8221;][\/vc_column_inner][vc_column_inner width=&#8221;1\/3&#8243; css=&#8221;.vc_custom_1592996196129{padding-right: 0px !important;padding-left: 0px !important;}&#8221;][ts_sector_box title=&#8221;INFRAESTRUCTURA VIAL&#8221; url=&#8221;https:\/\/kaweconstrucciones.com\/index.php\/projects\/&#8221;][\/vc_column_inner][vc_column_inner width=&#8221;1\/3&#8243; css=&#8221;.vc_custom_1592996205555{padding-right: 0px !important;padding-left: 0px !important;}&#8221;][ts_sector_box title=&#8221;INDUSTRIAL&#8221; url=&#8221;https:\/\/kaweconstrucciones.com\/index.php\/projects\/&#8221;][\/vc_column_inner][\/vc_row_inner][\/vc_column][\/vc_row][vc_row section_background_color=&#8221;#f7f6f1&#8243; use_container=&#8221;yes&#8221;][vc_column width=&#8221;1\/3&#8243; offset=&#8221;vc_col-md-2 vc_col-xs-6&#8243;][ts_logo_item image=&#8221;448&#8243; alt_tag=&#8221;Image&#8221;][\/vc_column][vc_column width=&#8221;1\/3&#8243; offset=&#8221;vc_col-md-2 vc_col-xs-6&#8243;][ts_logo_item image=&#8221;449&#8243; alt_tag=&#8221;Image&#8221;][\/vc_column][vc_column width=&#8221;1\/3&#8243; offset=&#8221;vc_col-md-2 vc_col-xs-6&#8243;][ts_logo_item image=&#8221;450&#8243; alt_tag=&#8221;Image&#8221;][\/vc_column][vc_column width=&#8221;1\/3&#8243; offset=&#8221;vc_col-md-2 vc_col-xs-6&#8243;][ts_logo_item image=&#8221;451&#8243; alt_tag=&#8221;Image&#8221;][\/vc_column][vc_column width=&#8221;1\/3&#8243; offset=&#8221;vc_col-md-2 vc_col-xs-6&#8243;][ts_logo_item image=&#8221;452&#8243; alt_tag=&#8221;Image&#8221;][\/vc_column][vc_column width=&#8221;1\/3&#8243; offset=&#8221;vc_col-md-2 vc_col-xs-6&#8243;][ts_logo_item image=&#8221;453&#8243; alt_tag=&#8221;Image&#8221;][\/vc_column][\/vc_row]<\/p>\n<\/div>","protected":false},"excerpt":{"rendered":"<p>[vc_row motts_theme_padding=&#8221;no&#8221; css=&#8221;.vc_custom_1592942836378{margin-right: 0px !important;margin-left: 0px !important;}&#8221;][vc_column css=&#8221;.vc_custom_1592942827926{padding-right: 0px !important;padding-left: 0px !important;}&#8221;][ts_hero_slider hero_slider=&#8221;13&#8243;][\/vc_column][\/vc_row][vc_row use_container=&#8221;yes&#8221;][vc_column offset=&#8221;vc_col-md-4&#8243;][ts_icon_box icon=&#8221;28&#8243; title=&#8221;CALIDAD Y SEGURIDAD&#8221; description=&#8221;Nuestra prioridad es la solidez estructural. Todos nuestros productos est\u00e1n fabricados con materiales de primera l\u00ednea para garantizar la seguridad total.&#8221; link_url=&#8221;https:\/\/kaweconstrucciones.com\/index.php\/services\/&#8221;][\/vc_column][vc_column offset=&#8221;vc_col-md-4&#8243;][ts_icon_box icon=&#8221;31&#8243; title=&#8221;DISE\u00d1O INTELIGENTE&#8221; description=&#8221;Utilizamos m\u00e9todos modernos y flexibilidad para crear soluciones que responden [&hellip;]<\/p>\n","protected":false},"author":1,"featured_media":0,"parent":0,"menu_order":0,"comment_status":"closed","ping_status":"closed","template":"page-builder.php","meta":{"footnotes":""},"class_list":["post-375","page","type-page","status-publish","hentry"],"acf":[],"_links":{"self":[{"href":"https:\/\/kaweconstrucciones.com\/index.php\/wp-json\/wp\/v2\/pages\/375","targetHints":{"allow":["GET"]}}],"collection":[{"href":"https:\/\/kaweconstrucciones.com\/index.php\/wp-json\/wp\/v2\/pages"}],"about":[{"href":"https:\/\/kaweconstrucciones.com\/index.php\/wp-json\/wp\/v2\/types\/page"}],"author":[{"embeddable":true,"href":"https:\/\/kaweconstrucciones.com\/index.php\/wp-json\/wp\/v2\/users\/1"}],"replies":[{"embeddable":true,"href":"https:\/\/kaweconstrucciones.com\/index.php\/wp-json\/wp\/v2\/comments?post=375"}],"version-history":[{"count":9,"href":"https:\/\/kaweconstrucciones.com\/index.php\/wp-json\/wp\/v2\/pages\/375\/revisions"}],"predecessor-version":[{"id":477,"href":"https:\/\/kaweconstrucciones.com\/index.php\/wp-json\/wp\/v2\/pages\/375\/revisions\/477"}],"wp:attachment":[{"href":"https:\/\/kaweconstrucciones.com\/index.php\/wp-json\/wp\/v2\/media?parent=375"}],"curies":[{"name":"wp","href":"https:\/\/api.w.org\/{rel}","templated":true}]}}